{"id":22,"date":"2024-02-26T16:03:58","date_gmt":"2024-02-26T16:03:58","guid":{"rendered":"http:\/\/www.lesabot.de\/?page_id=22"},"modified":"2025-07-07T13:07:37","modified_gmt":"2025-07-07T13:07:37","slug":"home","status":"publish","type":"page","link":"https:\/\/www.lesabot.de\/","title":{"rendered":"Home"},"content":{"rendered":"\n<div style=\"height:20px\" aria-hidden=\"true\" class=\"wp-block-spacer\"><\/div>\n\n\n\n<h1 class=\"wp-block-heading has-text-align-center has-text-color\" style=\"color:#121212\"><mark style=\"background-color:rgba(0, 0, 0, 0)\" class=\"has-inline-color has-neve-text-color-color\">Willkommen auf den Seiten vom<\/mark><\/h1>\n\n\n\n<figure class=\"wp-block-image alignwide size-full is-style-rounded\"><img loading=\"lazy\" decoding=\"async\" width=\"1516\" height=\"853\" src=\"https:\/\/www.lesabot.de\/wp-content\/uploads\/2024\/03\/IMG_20190410_140431-edited-1.jpg\" alt=\"\" class=\"wp-image-336\" srcset=\"https:\/\/www.lesabot.de\/wp-content\/uploads\/2024\/03\/IMG_20190410_140431-edited-1.jpg 1516w, https:\/\/www.lesabot.de\/wp-content\/uploads\/2024\/03\/IMG_20190410_140431-edited-1-300x169.jpg 300w, https:\/\/www.lesabot.de\/wp-content\/uploads\/2024\/03\/IMG_20190410_140431-edited-1-1024x576.jpg 1024w, https:\/\/www.lesabot.de\/wp-content\/uploads\/2024\/03\/IMG_20190410_140431-edited-1-768x432.jpg 768w\" sizes=\"auto, (max-width: 1516px) 100vw, 1516px\" \/><\/figure>\n\n\n\n<div style=\"height:40px\" aria-hidden=\"true\" class=\"wp-block-spacer\"><\/div>\n\n\n\n<h2 class=\"wp-block-heading has-text-align-center has-neve-text-color-color has-text-color has-link-color has-large-font-size wp-elements-e142b1ba37b8bc1abb4f0956417f41b0\"><strong>Le Sabot: Buchladen f\u00fcr Internationale Literatur, Politik &amp; Geschichte<\/strong><\/h2>\n\n\n\n<div style=\"height:30px\" aria-hidden=\"true\" class=\"wp-block-spacer\"><\/div>\n\n\n\n<p class=\"has-text-align-center has-medium-font-size\"><mark style=\"background-color:rgba(0, 0, 0, 0)\" class=\"has-inline-color has-neve-text-color-color\">Wir bestellen jedes Buch. Fast 500.000 verschiedene Titel k\u00f6nnen wir \u00fcber Nacht besorgen.<br>Wir beraten und bibliografieren und organisieren auch das ein oder andere l\u00e4ngst vergriffen geglaubte Buch.<\/mark><\/p>\n\n\n\n<div style=\"height:30px\" aria-hidden=\"true\" class=\"wp-block-spacer\"><\/div>\n\n\n\n<div class=\"wp-block-columns is-layout-flex wp-container-core-columns-is-layout-9d6595d7 wp-block-columns-is-layout-flex\">\n<div class=\"wp-block-column is-layout-flow wp-block-column-is-layout-flow\"><div class=\"wp-block-image is-resized icon-style is-style-default\">\n<figure class=\"aligncenter size-large\"><img loading=\"lazy\" decoding=\"async\" width=\"1024\" height=\"1024\" src=\"https:\/\/www.lesabot.de\/wp-content\/uploads\/2024\/03\/book-icon-28-1024x1024.png\" alt=\"\" class=\"wp-image-176\" style=\"width:auto;height:60px\" srcset=\"https:\/\/www.lesabot.de\/wp-content\/uploads\/2024\/03\/book-icon-28-1024x1024.png 1024w, https:\/\/www.lesabot.de\/wp-content\/uploads\/2024\/03\/book-icon-28-300x300.png 300w, https:\/\/www.lesabot.de\/wp-content\/uploads\/2024\/03\/book-icon-28-150x150.png 150w, https:\/\/www.lesabot.de\/wp-content\/uploads\/2024\/03\/book-icon-28-768x768.png 768w, https:\/\/www.lesabot.de\/wp-content\/uploads\/2024\/03\/book-icon-28-1536x1536.png 1536w, https:\/\/www.lesabot.de\/wp-content\/uploads\/2024\/03\/book-icon-28.png 1600w\" sizes=\"auto, (max-width: 1024px) 100vw, 1024px\" \/><\/figure>\n<\/div>\n\n\n<div style=\"height:20px\" aria-hidden=\"true\" class=\"wp-block-spacer\"><\/div>\n\n\n\n<h3 class=\"wp-block-heading has-text-align-center has-neve-text-color-color has-text-color\">Linker Buchladen<\/h3>\n\n\n\n<p class=\"has-text-align-center has-neve-text-color-color has-text-color has-link-color wp-elements-7096c02ef2041fe0147cd5b4300848c0\">Bei uns k\u00f6nnt ihr linke Sachb\u00fccher, Romane, Bilderb\u00fccher und vieles mehr finden. Kommt vorbei und st\u00f6bert im Laden oder hier online.<\/p>\n\n\n\n<div style=\"height:20px\" aria-hidden=\"true\" class=\"wp-block-spacer\"><\/div>\n<\/div>\n\n\n\n<div class=\"wp-block-column is-layout-flow wp-block-column-is-layout-flow\"><div class=\"wp-block-image is-resized icon-style is-style-default\">\n<figure class=\"aligncenter size-full\"><img loading=\"lazy\" decoding=\"async\" width=\"512\" height=\"512\" src=\"https:\/\/www.lesabot.de\/wp-content\/uploads\/2024\/03\/icon-stores-22.png\" alt=\"\" class=\"wp-image-178\" style=\"width:auto;height:60px\" srcset=\"https:\/\/www.lesabot.de\/wp-content\/uploads\/2024\/03\/icon-stores-22.png 512w, https:\/\/www.lesabot.de\/wp-content\/uploads\/2024\/03\/icon-stores-22-300x300.png 300w, https:\/\/www.lesabot.de\/wp-content\/uploads\/2024\/03\/icon-stores-22-150x150.png 150w\" sizes=\"auto, (max-width: 512px) 100vw, 512px\" \/><\/figure>\n<\/div>\n\n\n<div style=\"height:20px\" aria-hidden=\"true\" class=\"wp-block-spacer\"><\/div>\n\n\n\n<h3 class=\"wp-block-heading has-text-align-center has-neve-text-color-color has-text-color\">Veranstaltungen<\/h3>\n\n\n\n<p class=\"has-text-align-center has-neve-text-color-color has-text-color has-link-color wp-elements-958fb5e9f668bfe9e002fd56dbbd18cb\">Bei uns finden auch immer wieder Lesungen, Vortr\u00e4ge und andere Veranstaltungen statt, die wir oder eine andere Gruppe organisieren.<\/p>\n\n\n\n<div style=\"height:20px\" aria-hidden=\"true\" class=\"wp-block-spacer\"><\/div>\n<\/div>\n\n\n\n<div class=\"wp-block-column is-layout-flow wp-block-column-is-layout-flow\"><div class=\"wp-block-image is-resized icon-style is-style-rounded\">\n<figure class=\"aligncenter size-full\"><img loading=\"lazy\" decoding=\"async\" width=\"256\" height=\"256\" src=\"https:\/\/www.lesabot.de\/wp-content\/uploads\/2025\/07\/information-button-svgrepo-com.png\" alt=\"\" class=\"wp-image-510\" style=\"width:auto;height:60px\" srcset=\"https:\/\/www.lesabot.de\/wp-content\/uploads\/2025\/07\/information-button-svgrepo-com.png 256w, https:\/\/www.lesabot.de\/wp-content\/uploads\/2025\/07\/information-button-svgrepo-com-150x150.png 150w\" sizes=\"auto, (max-width: 256px) 100vw, 256px\" \/><\/figure>\n<\/div>\n\n\n<div style=\"height:20px\" aria-hidden=\"true\" class=\"wp-block-spacer\"><\/div>\n\n\n\n<h3 class=\"wp-block-heading has-text-align-center has-neve-text-color-color has-text-color\">Infoladen<\/h3>\n\n\n\n<p class=\"has-text-align-center has-neve-text-color-color has-text-color has-link-color wp-elements-465f36bf68ba68196e5206de5d590fed\">Neu in der Stadt oder zu Besuch?<br>Bei uns gibt es auch alle m\u00f6glichen Flyer und kostenlosen Zeitschriften der Stadt. Wenn ihr Fragen \u00fcber Bonn habt versuchen wir euch so gut es geht zu helfen.<\/p>\n\n\n\n<div style=\"height:20px\" aria-hidden=\"true\" class=\"wp-block-spacer\"><\/div>\n<\/div>\n<\/div>\n\n\n\n<div style=\"height:80px\" aria-hidden=\"true\" class=\"wp-block-spacer\"><\/div>\n\n\n\n<div class=\"wp-block-cover alignfull is-light\" style=\"min-height:600px;aspect-ratio:unset;\"><span aria-hidden=\"true\" class=\"wp-block-cover__background has-nv-light-bg-background-color has-background-dim-100 has-background-dim\"><\/span><div class=\"wp-block-cover__inner-container is-layout-flow wp-block-cover-is-layout-flow\">\n<div class=\"wp-block-group\"><div class=\"wp-block-group__inner-container is-layout-flow wp-block-group-is-layout-flow\">\n<div style=\"height:80px\" aria-hidden=\"true\" class=\"wp-block-spacer\"><\/div>\n\n\n\n<div class=\"wp-block-columns are-vertically-aligned-center is-layout-flex wp-container-core-columns-is-layout-9d6595d7 wp-block-columns-is-layout-flex\">\n<div class=\"wp-block-column is-vertically-aligned-center is-layout-flow wp-block-column-is-layout-flow\" style=\"flex-basis:50%\"><div class=\"wp-block-image\">\n<figure class=\"aligncenter size-large is-resized\"><img loading=\"lazy\" decoding=\"async\" width=\"688\" height=\"1024\" src=\"https:\/\/www.lesabot.de\/wp-content\/uploads\/2024\/03\/AufrufeausdemGefaengnisvonSegovia-688x1024.jpeg\" alt=\"\" class=\"wp-image-106\" style=\"width:373px;height:auto\" srcset=\"https:\/\/www.lesabot.de\/wp-content\/uploads\/2024\/03\/AufrufeausdemGefaengnisvonSegovia-688x1024.jpeg 688w, https:\/\/www.lesabot.de\/wp-content\/uploads\/2024\/03\/AufrufeausdemGefaengnisvonSegovia-202x300.jpeg 202w, https:\/\/www.lesabot.de\/wp-content\/uploads\/2024\/03\/AufrufeausdemGefaengnisvonSegovia-768x1143.jpeg 768w, https:\/\/www.lesabot.de\/wp-content\/uploads\/2024\/03\/AufrufeausdemGefaengnisvonSegovia.jpeg 820w\" sizes=\"auto, (max-width: 688px) 100vw, 688px\" \/><\/figure>\n<\/div><\/div>\n\n\n\n<div class=\"wp-block-column is-vertically-aligned-center is-layout-flow wp-block-column-is-layout-flow\" style=\"flex-basis:50%\">\n<div style=\"height:20px\" aria-hidden=\"true\" class=\"wp-block-spacer\"><\/div>\n\n\n\n<h2 class=\"wp-block-heading has-text-align-left has-neve-text-color-color has-text-color\">Bestandsliste<\/h2>\n\n\n\n<p class=\"has-text-align-left has-neve-text-color-color has-text-color\" style=\"font-size:17px\">St\u00f6bert hier durch unsere Titel, die wir vorr\u00e4tig im Laden haben<\/p>\n\n\n\n<div class=\"wp-block-buttons is-content-justification-left is-layout-flex wp-container-core-buttons-is-layout-fdcfc74e wp-block-buttons-is-layout-flex\">\n<div class=\"wp-block-button is-style-primary\"><a class=\"wp-block-button__link wp-element-button\" href=\"https:\/\/www.lesabot.de\/index.php\/bestandsliste\/\">Klick mich<\/a><\/div>\n<\/div>\n<\/div>\n<\/div>\n\n\n\n<div style=\"height:40px\" aria-hidden=\"true\" class=\"wp-block-spacer\"><\/div>\n<\/div><\/div>\n<\/div><\/div>\n\n\n\n<div class=\"wp-block-cover alignfull is-light\" style=\"min-height:600px;aspect-ratio:unset;\"><span aria-hidden=\"true\" class=\"wp-block-cover__background has-nv-site-bg-background-color has-background-dim-100 has-background-dim\"><\/span><div class=\"wp-block-cover__inner-container is-layout-flow wp-block-cover-is-layout-flow\">\n<div class=\"wp-block-group\"><div class=\"wp-block-group__inner-container is-layout-flow wp-block-group-is-layout-flow\">\n<div style=\"height:80px\" aria-hidden=\"true\" class=\"wp-block-spacer\"><\/div>\n\n\n\n<div class=\"wp-block-columns are-vertically-aligned-center is-layout-flex wp-container-core-columns-is-layout-9d6595d7 wp-block-columns-is-layout-flex\">\n<div class=\"wp-block-column is-vertically-aligned-center is-layout-flow wp-block-column-is-layout-flow\" style=\"flex-basis:50%\">\n<h2 class=\"wp-block-heading has-text-align-left has-neve-text-color-color has-text-color\">Veranstaltungen<\/h2>\n\n\n\n<p class=\"has-text-align-left has-neve-text-color-color has-text-color\" style=\"font-size:17px\">Hier gibt es Ank\u00fcndigungen zu kommenden Veranstaltungen<\/p>\n\n\n\n<div class=\"wp-block-buttons is-content-justification-left is-layout-flex wp-container-core-buttons-is-layout-fdcfc74e wp-block-buttons-is-layout-flex\">\n<div class=\"wp-block-button is-style-primary\"><a class=\"wp-block-button__link wp-element-button\" href=\"https:\/\/www.lesabot.de\/index.php\/veranstaltungen\/\">Klick mich<\/a><\/div>\n<\/div>\n\n\n\n<div style=\"height:40px\" aria-hidden=\"true\" class=\"wp-block-spacer\"><\/div>\n<\/div>\n\n\n\n<div class=\"wp-block-column is-vertically-aligned-center is-layout-flow wp-block-column-is-layout-flow\" style=\"flex-basis:50%\">\n<figure class=\"wp-block-image size-large\"><img loading=\"lazy\" decoding=\"async\" width=\"1024\" height=\"1024\" src=\"https:\/\/www.lesabot.de\/wp-content\/uploads\/2024\/03\/tresen-1024x1024.jpg\" alt=\"\" class=\"wp-image-142\" srcset=\"https:\/\/www.lesabot.de\/wp-content\/uploads\/2024\/03\/tresen-1024x1024.jpg 1024w, https:\/\/www.lesabot.de\/wp-content\/uploads\/2024\/03\/tresen-300x300.jpg 300w, https:\/\/www.lesabot.de\/wp-content\/uploads\/2024\/03\/tresen-150x150.jpg 150w, https:\/\/www.lesabot.de\/wp-content\/uploads\/2024\/03\/tresen-768x768.jpg 768w, https:\/\/www.lesabot.de\/wp-content\/uploads\/2024\/03\/tresen.jpg 1080w\" sizes=\"auto, (max-width: 1024px) 100vw, 1024px\" \/><\/figure>\n<\/div>\n<\/div>\n\n\n\n<div style=\"height:40px\" aria-hidden=\"true\" class=\"wp-block-spacer\"><\/div>\n<\/div><\/div>\n<\/div><\/div>\n\n\n\n<div class=\"wp-block-cover alignfull is-light\" style=\"min-height:600px;aspect-ratio:unset;\"><span aria-hidden=\"true\" class=\"wp-block-cover__background has-nv-light-bg-background-color has-background-dim-100 has-background-dim\"><\/span><div class=\"wp-block-cover__inner-container is-layout-flow wp-block-cover-is-layout-flow\">\n<div class=\"wp-block-group\"><div class=\"wp-block-group__inner-container is-layout-flow wp-block-group-is-layout-flow\">\n<div style=\"height:80px\" aria-hidden=\"true\" class=\"wp-block-spacer\"><\/div>\n\n\n\n<div class=\"wp-block-columns are-vertically-aligned-center is-layout-flex wp-container-core-columns-is-layout-9d6595d7 wp-block-columns-is-layout-flex\">\n<div class=\"wp-block-column is-vertically-aligned-center is-layout-flow wp-block-column-is-layout-flow\" style=\"flex-basis:50%\">\n<figure class=\"wp-block-image size-full is-style-rounded\"><img loading=\"lazy\" decoding=\"async\" width=\"1917\" height=\"2000\" src=\"https:\/\/www.lesabot.de\/wp-content\/uploads\/2024\/03\/SABOT_LOGO_1917x2000.png\" alt=\"\" class=\"wp-image-138\" srcset=\"https:\/\/www.lesabot.de\/wp-content\/uploads\/2024\/03\/SABOT_LOGO_1917x2000.png 1917w, https:\/\/www.lesabot.de\/wp-content\/uploads\/2024\/03\/SABOT_LOGO_1917x2000-288x300.png 288w, https:\/\/www.lesabot.de\/wp-content\/uploads\/2024\/03\/SABOT_LOGO_1917x2000-982x1024.png 982w, https:\/\/www.lesabot.de\/wp-content\/uploads\/2024\/03\/SABOT_LOGO_1917x2000-768x801.png 768w, https:\/\/www.lesabot.de\/wp-content\/uploads\/2024\/03\/SABOT_LOGO_1917x2000-1472x1536.png 1472w\" sizes=\"auto, (max-width: 1917px) 100vw, 1917px\" \/><\/figure>\n<\/div>\n\n\n\n<div class=\"wp-block-column is-vertically-aligned-center is-layout-flow wp-block-column-is-layout-flow\" style=\"flex-basis:50%\">\n<div style=\"height:40px\" aria-hidden=\"true\" class=\"wp-block-spacer\"><\/div>\n\n\n\n<h2 class=\"wp-block-heading has-text-align-left has-neve-text-color-color has-text-color\">Selbstverst\u00e4ndnis<\/h2>\n\n\n\n<p class=\"has-text-align-left has-neve-text-color-color has-text-color\" style=\"font-size:17px\">Unseren Laden gibt es seit 1989 &#8211; Lernt hier mehr \u00fcber unser Kollektiv<\/p>\n\n\n\n<div class=\"wp-block-buttons is-content-justification-left is-layout-flex wp-container-core-buttons-is-layout-fdcfc74e wp-block-buttons-is-layout-flex\">\n<div class=\"wp-block-button is-style-primary\"><a class=\"wp-block-button__link wp-element-button\" href=\"https:\/\/www.lesabot.de\/index.php\/about\/\">Klick mich<\/a><\/div>\n<\/div>\n<\/div>\n<\/div>\n\n\n\n<div style=\"height:40px\" aria-hidden=\"true\" class=\"wp-block-spacer\"><\/div>\n\n\n\n<p class=\"has-text-align-center\"><strong>Erhaltet ca. 1x im Quartal Buchempfehlungen und bleibt up-to-date mit unseren Veranstaltungen: Jetzt den Le Sabot Newsletter abonnieren<\/strong>!<br>Sendet uns eine Mail: <a href=\"mailto:buchladen@lesabot.de?subject=Newsletter abonnieren&amp;body=Setzt mich bitte auf den Newsletter.\">Newsletter abonnieren!<\/a><\/p>\n\n\n<\/div><\/div>\n<\/div><\/div>\n\n\n\n<div style=\"height:30px\" aria-hidden=\"true\" class=\"wp-block-spacer\"><\/div>\n\n\n\n<h2 class=\"wp-block-heading\">Neu bei uns:<\/h2>\n\n\n\n<div class=\"wp-block-group alignwide\"><div class=\"wp-block-group__inner-container is-layout-constrained wp-block-group-is-layout-constrained\">\t\t<div id=\"instagram-gallery-feed-qligg-0\" class=\"instagram-gallery-feed\" data-feed=\"{&quot;id&quot;:&quot;qligg-0&quot;,&quot;columns&quot;:4,&quot;account_id&quot;:&quot;7599904033393289&quot;,&quot;source&quot;:&quot;username&quot;,&quot;tag&quot;:&quot;wordpress&quot;,&quot;order_by&quot;:&quot;top_media&quot;,&quot;layout&quot;:&quot;gallery&quot;,&quot;limit&quot;:12,&quot;spacing&quot;:10,&quot;lazy&quot;:false,&quot;responsive&quot;:{&quot;desktop&quot;:{&quot;columns&quot;:3,&quot;spacing&quot;:10},&quot;tablet&quot;:{&quot;columns&quot;:2,&quot;spacing&quot;:8},&quot;mobile&quot;:{&quot;columns&quot;:1,&quot;spacing&quot;:6},&quot;breakpoints&quot;:{&quot;tablet&quot;:768,&quot;mobile&quot;:480}},&quot;aspect_ratio&quot;:{&quot;width&quot;:1,&quot;height&quot;:1},&quot;highlight&quot;:{&quot;tag&quot;:&quot;&quot;,&quot;id&quot;:&quot;&quot;,&quot;position&quot;:&quot;1,3,5&quot;},&quot;reel&quot;:{&quot;hide&quot;:false},&quot;copyright&quot;:{&quot;hide&quot;:false,&quot;placeholder&quot;:&quot;&quot;},&quot;profile&quot;:{&quot;display&quot;:false,&quot;username&quot;:&quot;&quot;,&quot;nickname&quot;:&quot;&quot;,&quot;website&quot;:&quot;&quot;,&quot;biography&quot;:&quot;&quot;,&quot;link_text&quot;:&quot;Follow&quot;,&quot;website_text&quot;:&quot;Website&quot;,&quot;avatar&quot;:&quot;&quot;},&quot;box&quot;:{&quot;display&quot;:false,&quot;padding&quot;:1,&quot;radius&quot;:0,&quot;background&quot;:&quot;#fefefe&quot;,&quot;profile&quot;:false,&quot;desc&quot;:&quot;&quot;,&quot;text_color&quot;:&quot;#000000&quot;},&quot;mask&quot;:{&quot;display&quot;:true,&quot;background&quot;:&quot;#000000&quot;,&quot;icon_color&quot;:&quot;#ffffff&quot;,&quot;likes_count&quot;:true,&quot;comments_count&quot;:true},&quot;card&quot;:{&quot;display&quot;:false,&quot;radius&quot;:1,&quot;font_size&quot;:12,&quot;background&quot;:&quot;#ffffff&quot;,&quot;background_hover&quot;:&quot;&quot;,&quot;text_color&quot;:&quot;#000000&quot;,&quot;padding&quot;:5,&quot;likes_count&quot;:true,&quot;text_length&quot;:10,&quot;comments_count&quot;:true,&quot;text_align&quot;:&quot;left&quot;},&quot;carousel&quot;:{&quot;centered_slides&quot;:false,&quot;autoplay&quot;:false,&quot;autoplay_interval&quot;:3000,&quot;navarrows&quot;:true,&quot;navarrows_color&quot;:&quot;&quot;,&quot;pagination&quot;:true,&quot;pagination_color&quot;:&quot;&quot;},&quot;modal&quot;:{&quot;display&quot;:true,&quot;profile&quot;:true,&quot;media_description&quot;:true,&quot;likes_count&quot;:true,&quot;comments_count&quot;:true,&quot;comments_list&quot;:false,&quot;text_align&quot;:&quot;left&quot;,&quot;modal_align&quot;:&quot;right&quot;,&quot;text_length&quot;:10000,&quot;font_size&quot;:12},&quot;button&quot;:{&quot;display&quot;:true,&quot;text&quot;:&quot;View on Instagram&quot;,&quot;text_color&quot;:&quot;#ffff&quot;,&quot;background&quot;:&quot;&quot;,&quot;background_hover&quot;:&quot;&quot;},&quot;button_load&quot;:{&quot;display&quot;:false,&quot;text&quot;:&quot;Load more...&quot;,&quot;text_color&quot;:&quot;#ffff&quot;,&quot;background&quot;:&quot;&quot;,&quot;background_hover&quot;:&quot;&quot;}}\">\n\t\t<!-- <FeedContainer\/> -->\n\t\t<\/div>\n\t\t<\/div><\/div>\n","protected":false},"excerpt":{"rendered":"<p>Willkommen auf den Seiten vom Le Sabot: Buchladen f\u00fcr Internationale Literatur, Politik &amp; Geschichte Wir bestellen jedes Buch. Fast 500.000 verschiedene Titel k\u00f6nnen wir \u00fcber Nacht besorgen.Wir beraten und bibliografieren und organisieren auch das ein oder andere l\u00e4ngst vergriffen geglaubte Buch. Linker Buchladen Bei uns k\u00f6nnt ihr linke Sachb\u00fccher, Romane, Bilderb\u00fccher und vieles mehr finden.&hellip;&nbsp;<a href=\"https:\/\/www.lesabot.de\/\" rel=\"bookmark\">Read More &raquo;<span class=\"screen-reader-text\">Home<\/span><\/a><\/p>\n","protected":false},"author":1,"featured_media":510,"parent":0,"menu_order":0,"comment_status":"closed","ping_status":"closed","template":"","meta":{"neve_meta_sidebar":"","neve_meta_container":"","neve_meta_enable_content_width":"on","neve_meta_content_width":100,"neve_meta_title_alignment":"","neve_meta_author_avatar":"","neve_post_elements_order":"","neve_meta_disable_header":"","neve_meta_disable_footer":"","neve_meta_disable_title":"on","footnotes":""},"class_list":["post-22","page","type-page","status-publish","has-post-thumbnail","hentry"],"_links":{"self":[{"href":"https:\/\/www.lesabot.de\/index.php\/wp-json\/wp\/v2\/pages\/22","targetHints":{"allow":["GET"]}}],"collection":[{"href":"https:\/\/www.lesabot.de\/index.php\/wp-json\/wp\/v2\/pages"}],"about":[{"href":"https:\/\/www.lesabot.de\/index.php\/wp-json\/wp\/v2\/types\/page"}],"author":[{"embeddable":true,"href":"https:\/\/www.lesabot.de\/index.php\/wp-json\/wp\/v2\/users\/1"}],"replies":[{"embeddable":true,"href":"https:\/\/www.lesabot.de\/index.php\/wp-json\/wp\/v2\/comments?post=22"}],"version-history":[{"count":78,"href":"https:\/\/www.lesabot.de\/index.php\/wp-json\/wp\/v2\/pages\/22\/revisions"}],"predecessor-version":[{"id":520,"href":"https:\/\/www.lesabot.de\/index.php\/wp-json\/wp\/v2\/pages\/22\/revisions\/520"}],"wp:featuredmedia":[{"embeddable":true,"href":"https:\/\/www.lesabot.de\/index.php\/wp-json\/wp\/v2\/media\/510"}],"wp:attachment":[{"href":"https:\/\/www.lesabot.de\/index.php\/wp-json\/wp\/v2\/media?parent=22"}],"curies":[{"name":"wp","href":"https:\/\/api.w.org\/{rel}","templated":true}]}}