{"id":23,"date":"2024-02-26T16:03:58","date_gmt":"2024-02-26T16:03:58","guid":{"rendered":"http:\/\/www.lesabot.de\/?page_id=23"},"modified":"2024-03-20T17:35:12","modified_gmt":"2024-03-20T17:35:12","slug":"about","status":"publish","type":"page","link":"https:\/\/www.lesabot.de\/index.php\/about\/","title":{"rendered":"\u00dcber uns"},"content":{"rendered":"\n<div class=\"wp-block-cover alignfull is-light\" style=\"min-height:194px;aspect-ratio:unset;\"><span aria-hidden=\"true\" class=\"wp-block-cover__background has-nv-site-bg-background-color has-background-dim-100 has-background-dim\"><\/span><div class=\"wp-block-cover__inner-container is-layout-flow wp-block-cover-is-layout-flow\">\n<div class=\"wp-block-group\"><div class=\"wp-block-group__inner-container is-layout-flow wp-block-group-is-layout-flow\">\n<h1 class=\"wp-block-heading has-text-align-left has-neve-text-color-color has-text-color\">Selbstverst\u00e4ndnis<\/h1>\n<\/div><\/div>\n<\/div><\/div>\n\n\n\n<div class=\"wp-block-cover alignfull is-light\" style=\"min-height:600px;aspect-ratio:unset;\"><span aria-hidden=\"true\" class=\"wp-block-cover__background has-nv-light-bg-background-color has-background-dim-100 has-background-dim\"><\/span><div class=\"wp-block-cover__inner-container is-layout-flow wp-block-cover-is-layout-flow\">\n<div class=\"wp-block-group\"><div class=\"wp-block-group__inner-container is-layout-flow wp-block-group-is-layout-flow\">\n<div style=\"height:80px\" aria-hidden=\"true\" class=\"wp-block-spacer\"><\/div>\n\n\n\n<div class=\"wp-block-columns are-vertically-aligned-center is-layout-flex wp-container-core-columns-is-layout-9d6595d7 wp-block-columns-is-layout-flex\">\n<div class=\"wp-block-column is-vertically-aligned-center is-layout-flow wp-block-column-is-layout-flow\" style=\"flex-basis:50%\">\n<figure class=\"wp-block-image size-full is-resized size-large\"><img loading=\"lazy\" decoding=\"async\" width=\"1917\" height=\"2000\" src=\"https:\/\/www.lesabot.de\/wp-content\/uploads\/2024\/03\/SABOT_LOGO_1917x2000.png\" alt=\"\" class=\"wp-image-138\" style=\"width:510px;height:auto\" srcset=\"https:\/\/www.lesabot.de\/wp-content\/uploads\/2024\/03\/SABOT_LOGO_1917x2000.png 1917w, https:\/\/www.lesabot.de\/wp-content\/uploads\/2024\/03\/SABOT_LOGO_1917x2000-288x300.png 288w, https:\/\/www.lesabot.de\/wp-content\/uploads\/2024\/03\/SABOT_LOGO_1917x2000-982x1024.png 982w, https:\/\/www.lesabot.de\/wp-content\/uploads\/2024\/03\/SABOT_LOGO_1917x2000-768x801.png 768w, https:\/\/www.lesabot.de\/wp-content\/uploads\/2024\/03\/SABOT_LOGO_1917x2000-1472x1536.png 1472w\" sizes=\"auto, (max-width: 1917px) 100vw, 1917px\" \/><\/figure>\n<\/div>\n\n\n\n<div class=\"wp-block-column is-vertically-aligned-center is-layout-flow wp-block-column-is-layout-flow\" style=\"flex-basis:50%\">\n<h2 class=\"wp-block-heading has-neve-text-color-color has-text-color\">Our Story<\/h2>\n\n\n\n<p class=\"has-neve-text-color-color has-text-color\">Als wir am 1.12.1989 unseren Buchladen er\u00f6ffneten, sind wir mit dem Anspruch angetreten, die Inhalte linker Politik nach au\u00dfen zu tragen und gleichzeitig ein bisschen Licht in den grauen Alltag zu bringen. Unser Angebot sollte eine Analyse der politischen Verh\u00e4ltnisse erm\u00f6glichen und Handlungsm\u00f6glichkeiten zur Ver\u00e4nderung anbieten. Diesem Anspruch sind wir treu geblieben und haben seitdem unser Angebot entsprechend erweitert.<\/p>\n<\/div>\n<\/div>\n\n\n\n<div style=\"height:40px\" aria-hidden=\"true\" class=\"wp-block-spacer\"><\/div>\n<\/div><\/div>\n<\/div><\/div>\n\n\n\n<div class=\"wp-block-cover alignfull is-light\" style=\"min-height:600px;aspect-ratio:unset;\"><span aria-hidden=\"true\" class=\"wp-block-cover__background has-nv-site-bg-background-color has-background-dim-100 has-background-dim\"><\/span><div class=\"wp-block-cover__inner-container is-layout-flow wp-block-cover-is-layout-flow\">\n<div class=\"wp-block-group\"><div class=\"wp-block-group__inner-container is-layout-flow wp-block-group-is-layout-flow\">\n<div style=\"height:80px\" aria-hidden=\"true\" class=\"wp-block-spacer\"><\/div>\n\n\n\n<div class=\"wp-block-group\"><div class=\"wp-block-group__inner-container is-layout-constrained wp-block-group-is-layout-constrained\">\n<div class=\"wp-block-columns are-vertically-aligned-center is-layout-flex wp-container-core-columns-is-layout-9d6595d7 wp-block-columns-is-layout-flex\">\n<div class=\"wp-block-column is-vertically-aligned-center is-layout-flow wp-block-column-is-layout-flow\" style=\"flex-basis:100%\">\n<h2 class=\"wp-block-heading has-neve-text-color-color has-text-color\">We are driven by values<\/h2>\n\n\n\n<p class=\"has-neve-text-color-color has-text-color has-link-color wp-elements-6ce91f836e52af6620e26711aa46d89d\">Der Laden ist ein Kollektivbuchladen, das hei\u00dft, alle Entscheidungen werden basisdemokratisch und gleichberechtigt getroffen.<br><br>Im Bereich \u201eLinke Politik\u201c ist unser Sortiment sehr gut best\u00fcckt und unser Angebot an politischen Zeitschriften und Brosch\u00fcren erfreut sich \u00fcberregionaler Beliebtheit. Au\u00dferdem gibt es internationale Literatur, Kinder- und Jugendb\u00fccher, Kalender, Krimis, Comics, Aufkleber, T-Shirts, Postkarten, Plakate und Musik. F\u00fcr den kleinen Geldbeutel bietet das Antiquariat prima Lesestoff zu Tiefstpreisen.<br><br>Wir k\u00f6nnen Fach-, Sach- und Schulb\u00fccher aller Art bestellen. Die meisten deutschsprachigen und viele fremdsprachige Titel besorgen wir innerhalb eines Tages. Noch nicht erschienene Titel werden von uns vorgemerkt und k\u00f6nnen sofort nach Erscheinen abgeholt werden.<br><br>Bereits vergriffene Titel k\u00f6nnen wir in vielen F\u00e4llen antiquarisch besorgen. Das ist ein Service, den die meisten Buchhandlungen nicht bieten. Bestellen kann man, indem man im Laden vorbei kommt, einfach anruft oder eine Mail schickt. H\u00e4ufig ist unser Service, sei es nun Beratung oder Besorgung, auch besser, weil unb\u00fcrokratisch, direkt und mit mehr Enthusiasmus verbunden.<br><br>\u00dcber das Literaturangebot hinaus umfasst unser lieferbares Sortiment auch E-Books, CD-ROMs, DVDs und andere Non-Books, wie z.B. Spiele oder Postkarten. Seit einiger Zeit haben wir unser Sortiment um Graffiti-Bedarf und vegane Lebensmittel, Kaffee und Wein aus kooperativem Handel erweitert.<br><br>Regelm\u00e4\u00dfig finden politische und literarische Veranstaltungen statt, bei denen der Eintritt grunds\u00e4tzlich frei ist. Aktuelle Veranstaltungshinweise, Termine und einen Einblick in das Sortiment bietet unsere Homepage www.lesabot.de. Auch unser Newsletter informiert \u00fcber aktuelle B\u00fccher und Veranstaltungstipps.<br><br>Wer sich \u00fcber str\u00f6mungs\u00fcbergreifende linke politische Aktivit\u00e4ten in Bonn und anderswo informieren will, ist im Buchladen Le Sabot an der richtigen Adresse. Wir verstehen den Buchladen als einen Platz, an dem Kommunikation, Austausch und Vernetzung stattfinden k\u00f6nnen. Der Buchladen kann als Veranstaltungsort und auch f\u00fcr Gruppentreffen genutzt werden. Sprecht uns einfach an. Und nicht zu vergessen: jeder Einkauf bei Le Sabot tr\u00e4gt dazu bei, eine \u00fcberregional wichtige Struktur der Bonner Linken zu st\u00e4rken.<br><br>Und wer bei einem netten Buch einfach nur einen fairen Kaffee trinken will, ist auch willkommen.<br><br>Wir sind optimistisch, dass immer mehr Menschen das Bed\u00fcrfnis haben, LEsen nicht nur als Konsum sondern auch als Anleitung zur SABOTage der herrschenden Verh\u00e4ltnisse zu begreifen.<br><br>In diesem Sinne: <strong>LEsen als SABOTage &#8211; Alle Tage Sabotage!<\/strong><\/p>\n\n\n\n<div style=\"height:20px\" aria-hidden=\"true\" class=\"wp-block-spacer\"><\/div>\n<\/div>\n<\/div>\n<\/div><\/div>\n\n\n\n<div style=\"height:40px\" aria-hidden=\"true\" class=\"wp-block-spacer\"><\/div>\n<\/div><\/div>\n<\/div><\/div>\n","protected":false},"excerpt":{"rendered":"","protected":false},"author":1,"featured_media":0,"parent":0,"menu_order":0,"comment_status":"closed","ping_status":"closed","template":"","meta":{"neve_meta_sidebar":"","neve_meta_container":"","neve_meta_enable_content_width":"on","neve_meta_content_width":100,"neve_meta_title_alignment":"","neve_meta_author_avatar":"","neve_post_elements_order":"","neve_meta_disable_header":"","neve_meta_disable_footer":"","neve_meta_disable_title":"on","footnotes":""},"class_list":["post-23","page","type-page","status-publish","hentry"],"_links":{"self":[{"href":"https:\/\/www.lesabot.de\/index.php\/wp-json\/wp\/v2\/pages\/23","targetHints":{"allow":["GET"]}}],"collection":[{"href":"https:\/\/www.lesabot.de\/index.php\/wp-json\/wp\/v2\/pages"}],"about":[{"href":"https:\/\/www.lesabot.de\/index.php\/wp-json\/wp\/v2\/types\/page"}],"author":[{"embeddable":true,"href":"https:\/\/www.lesabot.de\/index.php\/wp-json\/wp\/v2\/users\/1"}],"replies":[{"embeddable":true,"href":"https:\/\/www.lesabot.de\/index.php\/wp-json\/wp\/v2\/comments?post=23"}],"version-history":[{"count":15,"href":"https:\/\/www.lesabot.de\/index.php\/wp-json\/wp\/v2\/pages\/23\/revisions"}],"predecessor-version":[{"id":331,"href":"https:\/\/www.lesabot.de\/index.php\/wp-json\/wp\/v2\/pages\/23\/revisions\/331"}],"wp:attachment":[{"href":"https:\/\/www.lesabot.de\/index.php\/wp-json\/wp\/v2\/media?parent=23"}],"curies":[{"name":"wp","href":"https:\/\/api.w.org\/{rel}","templated":true}]}}